{"id":338,"date":"2025-09-04T15:05:28","date_gmt":"2025-09-04T13:05:28","guid":{"rendered":"https:\/\/pomocodszkodowania.eu\/?page_id=338"},"modified":"2025-09-04T15:32:34","modified_gmt":"2025-09-04T13:32:34","slug":"polityka-prywatnosci","status":"publish","type":"page","link":"https:\/\/pomocodszkodowania.eu\/?page_id=338","title":{"rendered":"Polityka prywatno\u015bci"},"content":{"rendered":"\t\t<div data-elementor-type=\"wp-page\" data-elementor-id=\"338\" class=\"elementor elementor-338\" data-elementor-post-type=\"page\">\n\t\t\t\t\t\t<section class=\"elementor-section elementor-top-section elementor-element elementor-element-71733af4 elementor-section-boxed elementor-section-height-default elementor-section-height-default\" data-id=\"71733af4\" data-element_type=\"section\">\n\t\t\t\t\t\t<div class=\"elementor-container elementor-column-gap-default\">\n\t\t\t\t\t<div class=\"elementor-column elementor-col-100 elementor-top-column elementor-element elementor-element-7fe9e0c9\" data-id=\"7fe9e0c9\" data-element_type=\"column\">\n\t\t\t<div class=\"elementor-widget-wrap elementor-element-populated\">\n\t\t\t\t\t\t<div class=\"elementor-element elementor-element-42870647 elementor-widget elementor-widget-text-editor\" data-id=\"42870647\" data-element_type=\"widget\" data-widget_type=\"text-editor.default\">\n\t\t\t\t\t\t\t\t\t<div class=\"elementor-element elementor-element-55e26371 elementor-widget elementor-widget-heading\" data-id=\"55e26371\" data-element_type=\"widget\" data-widget_type=\"heading.default\"><div class=\"elementor-widget-container\"><h2 class=\"elementor-heading-title elementor-size-default\"><span style=\"color: #003366;\">Polityka prywatno\u015bci<\/span><\/h2><\/div><\/div><div class=\"elementor-element elementor-element-4291e97b elementor-widget-divider--view-line elementor-widget elementor-widget-divider\" data-id=\"4291e97b\" data-element_type=\"widget\" data-widget_type=\"divider.default\"><div class=\"elementor-widget-container\"><div class=\"elementor-divider\">\u00a0<\/div><\/div><\/div><div class=\"elementor-element elementor-element-71f80a28 elementor-widget elementor-widget-text-editor\" data-id=\"71f80a28\" data-element_type=\"widget\" data-widget_type=\"text-editor.default\"><div class=\"elementor-widget-container\"><div class=\"elementor-element elementor-element-8ed0635 elementor-widget elementor-widget-text-editor\" data-id=\"8ed0635\" data-element_type=\"widget\" data-widget_type=\"text-editor.default\"><div class=\"elementor-widget-container\"><h4><strong>Administrator Danych Osobowych<\/strong><\/h4><\/div><\/div><div class=\"elementor-element elementor-element-ae49b21 elementor-widget elementor-widget-text-editor\" data-id=\"ae49b21\" data-element_type=\"widget\" data-widget_type=\"text-editor.default\"><div class=\"elementor-widget-container\"><p>Administratorem Pa\u0144stwa danych osobowych, czyli podmiotem decyduj\u0105cym o celach i sposobach przetwarzania, jest Kancelaria Adwokacka Adwokat Bernard Lech, Ulica Z\u0142ota 75a\/7, 00-819 Warszawa , NIP: 5832904708 (dalej \u201eKancelaria\u201d).<\/p><p>W sprawach zwi\u0105zanych z przetwarzaniem danych osobowych mog\u0105 Pa\u0144stwo skontaktowa\u0107 si\u0119\u0328 z nami r\u00f3wnie\u017c\u0307 mailowo pod adresem:\u00a0<a href=\"mailto:kontakt@twojeodszkodowanie.eu\">kontakt@pomocodszkodowania.eu<\/a><\/p><h4><strong>Sk\u0105d mamy Pa\u0144stwa dane\u00a0osobowe?<\/strong><\/h4><p>Dane te\u00a0otrzymali\u015bmy bezpo\u015brednio od\u00a0Pa\u0144stwa. Kancelaria otrzymuje dane osobowe swoich Klient\u00f3w tylko\u00a0bezpo\u015brednio od\u00a0nich samych.<\/p><h4><strong>Jakie s\u0105\u00a0to\u00a0dane?<\/strong><\/h4><p>Dane osobowe, kt\u00f3re przetwarzamy to Pa\u0144stwa imi\u0119 oraz adres e\u2011mail i\u00a0numer telefonu, kt\u00f3re podali\u015bcie nam w\u00a0tracie rozmowy telefonicznej lub poprzez wiadomo\u015b\u0107 e\u2011mail. W\u00a0razie skorzystania z\u00a0naszych us\u0142ug, s\u0105 to r\u00f3wnie\u017c inne dane osobowe, kt\u00f3re s\u0105 niezb\u0119dne do w\u0142a\u015bciwego prowadzenia Pa\u0144stwa sprawy.<\/p><h4><strong>W\u00a0jakim celu przetwarzamy dane osobowe?<\/strong><\/h4><p>Wszystkie dane osobowe, jakie udost\u0119pnili Pa\u0144stwo Kancelarii s\u0142u\u017c\u0105 przede wszystkim do reprezentowania Pa\u0144stwa interes\u00f3w, s\u0105 wi\u0119c one przetwarzane w\u00a0celu ich prawid\u0142owego wykorzystania w\u00a0naszych analizach Pa\u0144stwa um\u00f3w kredytowych, w\u00a0wezwaniach, w\u00a0zawezwaniach do pr\u00f3by ugodowej, w\u00a0pozwach, w\u00a0pismach procesowych, w\u00a0apelacjach, a\u00a0tak\u017ce w\u00a0celu za\u0142o\u017cenia i\u00a0prowadzenia akt Pa\u0144stwa sprawy. S\u0142u\u017c\u0105 one r\u00f3wnie\u017c do udzielenia odpowiedzi na Pa\u0144stwa pytanie zadane podczas rozmowy telefonicznej lub za po\u015brednictwem wiadomo\u015bci e\u2011mail.<\/p><h4><strong>Na\u00a0jakiej podstawie prawnej Kancelaria przetwarza dane osobowe?<\/strong><\/h4><p>Przetwarzamy Pa\u0144stwa dane przede wszystkim dlatego, \u017ce\u00a0jest to\u00a0niezb\u0119dne do\u00a0wykonywania zawartej mi\u0119dzy nami umowy, zgodnie z\u00a0Art. 6\u00a0ust. 1b rozporz\u0105dzenia unijnego.<\/p><p>Przetwarzamy Pa\u0144stwa dane tak\u017ce na\u00a0podstawie, i\u017c\u00a0wyst\u0119puj\u0105 tak\u00a0zwane prawnie uzasadnione interesy realizowane przez\u00a0administratora, zgodnie z\u00a0art. 6\u00a0ust. 1f rozporz\u0105dzenia.<\/p><p>Przetwarzamy Pa\u0144stwa dane tak\u017ce dlatego, \u017ce\u00a0jest to\u00a0niezb\u0119dne do\u00a0ochrony Pa\u0144stwa interes\u00f3w zgodnie z\u00a0Art. 6\u00a0ust. 1d rozporz\u0105dzenia unijnego).<\/p><p>Przetwarzamy Pa\u0144stwa dane tak\u017ce dlatego (imi\u0119, numer telefonu, adres e\u2011mail), \u017ce jest to niezb\u0119dne do udzielenia odpowiedzi na Pa\u0144stwa pytania.<\/p><h4><strong>Czy\u00a0podanie nam danych osobowych jest konieczne?<\/strong><\/h4><p>Podanie danych jest niezb\u0119dne do zawarcia um\u00f3w o\u00a0\u015bwiadczenie pomocy prawnej i\u00a0rozliczenia dzia\u0142alno\u015bci oraz wywi\u0105zania si\u0119 Kancelarii z\u00a0wymog\u00f3w prawa. Nadto jest niezb\u0119dne do udzielenia odpowiedzi na Pa\u0144stwa pytania.<\/p><h4><strong>Uprawnienia w\u00a0zakresie przetwarzanych danych i\u00a0dobrowolno\u015b\u0107 ich podania<\/strong><\/h4><p>Ka\u017cdej osobie, kt\u00f3rej\u00a0dane s\u0105\u0328 przetwarzane przez\u00a0Kancelari\u0119, przys\u0142uguje prawo do:<\/p><ul><li>dost\u0119pu do\u00a0swoich danych oraz\u00a0otrzymania ich kopii,<\/li><li>sprostowania (poprawiania) swoich danych,<\/li><li>usuni\u0119cia swoich danych,<\/li><li>ograniczenia przetwarzania swoich danych,<\/li><li>przenoszenia swoich danych \u2013 je\u015bli podstaw\u0105 prawn\u0105 ich przetwarzania jest zgoda (art. 6\u00a0ust. 1\u00a0lit. a\u00a0lub art. 9\u00a0ust. 2\u00a0lit. a\u00a0RODO) lub umowa (art. 6\u00a0ust. 1\u00a0lit. b\u00a0RODO),<\/li><li>wniesienia sprzeciwu wobec przetwarzania jej danych osobowych \u2013 je\u015bli podstaw\u0105 prawn\u0105 ich przetwarzania jest prawnie uzasadniony interes (art. 6\u00a0ust. 1\u00a0lit. f\u00a0RODO).<\/li><\/ul><p>Wi\u0119cej informacji o\u00a0prawach przys\u0142uguj\u0105cych osobom, kt\u00f3rych\u00a0dane dotycz\u0105\u0328, zawieraj\u0105\u0328 przepisy art. 12\u201323 RODO.<\/p><p>Ponadto osobie, kt\u00f3rej\u00a0dane s\u0105\u0328 przetwarzane przez\u00a0Kancelari\u0119, przys\u0142uguje prawo wniesienia skargi do\u00a0organu nadzorczego, tj.\u00a0Prezesa Urz\u0119du Ochrony Danych Osobowych.<\/p><p>Wi\u0119cej informacji pod\u00a0adresem:\u00a0<a href=\"https:\/\/uodo.gov.pl\/pl\/p\/skargi\">https:\/\/uodo.gov.pl\/pl\/p\/skargi<\/a><\/p><h4><strong>Czy\u00a0udost\u0119pniamy Pa\u0144stwa dane osobowe innym podmiotom?<\/strong><\/h4><p>Pa\u0144stwa dane s\u0105\u00a0przede wszystkim udost\u0119pniane instytucjom publicznym, a\u00a0wi\u0119c\u00a0s\u0105dom i\u00a0innym organom (je\u015bli reprezentujemy Pa\u0144stwa przed\u00a0tymi instytucjami) oraz\u00a0pracownikom Kancelarii.<\/p><h4><strong>Jak d\u0142ugo przechowujemy Pa\u0144stwa dane osobowe?<\/strong><\/h4><p>Przechowujemy Pa\u0144stwa dane osobowe przez\u00a0czas obowi\u0105zywania zawartej z\u00a0nami umowy. W\u00a0przypadku danych osobowych podanych za\u00a0po\u015brednictwem formularza kontaktowego, wobec braku zawarcia umowy o\u00a0\u015bwiadczenie na\u00a0Pa\u0144stwa rzecz us\u0142ug prawnych, przechowujemy niniejszej dane nie\u00a0d\u0142u\u017cej ni\u017c to\u00a0jest niezb\u0119dne.<\/p><h4><strong>Ciasteczka \u2013 informacje dotycz\u0105ce urz\u0105dzenia ko\u0144cowego<\/strong><\/h4><ol><li>Us\u0142ugodawca przechowuje zapytania https kierowane do\u00a0serwera.<\/li><li>W\u00a0celu udoskonalenia funkcjonalno\u015bci Us\u0142ugodawca o\u015bwiadcza, i\u017c\u00a0wykorzystuje pliki cookies. W\u0142asne pliki cookies b\u0119d\u0105 wykorzystywane w\u00a0celu:<\/li><li>konfiguracji serwisu, tj.\u00a0dostosowania zawarto\u015bci stron do\u00a0wcze\u015bniejszych dzia\u0142a\u0144 podejmowanych przez\u00a0u\u017cytkownika;<\/li><li>uwierzytelnienia u\u017cytkownika i\u00a0zapewnienia sesji u\u017cytkownika w\u00a0serwisie (utrzymanie sesji po\u00a0zalogowaniu);<\/li><li>realizacji proces\u00f3w niezb\u0119dnych dla pe\u0142nej funkcjonalno\u015bci stron internetowych;<\/li><li>prowadzenia analiz oraz\u00a0monitoringu ogl\u0105dalno\u015bci;<\/li><li>zapewnienia bezpiecze\u0144stwa oraz\u00a0ci\u0105g\u0142ego dzia\u0142ania.<\/li><li>Zewn\u0119trzne pliki cookies b\u0119d\u0105 wykorzystywane w\u00a0celu:<\/li><li>prezentowania reklam dostosowanych do\u00a0preferencji u\u017cytkownika (remarketing, reklama kontekstowa);<\/li><li>zbierania danych statystycznych za\u00a0po\u015brednictwem narz\u0119dzi analitycznych do\u00a0cel\u00f3w analitycznych oraz\u00a0dla cel\u00f3w systemu marketing automation.<\/li><li>Na\u00a0podstawie gromadzonych informacji Us\u0142ugodawca mo\u017ce tworzy\u0107 statystyki. Statystyki tworzone s\u0105\u00a0w\u00a0spos\u00f3b\u00a0nie pozwalaj\u0105cy na\u00a0identyfikacj\u0119 poszczeg\u00f3lnych Us\u0142ugobiorc\u00f3w.<\/li><li>Ka\u017cdy Us\u0142ugobiorca, kt\u00f3ry\u00a0nie\u00a0wyra\u017ca zgody na\u00a0korzystanie z\u00a0plik\u00f3w cookies obowi\u0105zany jest do\u00a0zmodyfikowania ustawie\u0144 przegl\u0105darki internetowej. Konfiguracja systemu umo\u017cliwiaj\u0105ca korzystanie\u00a0z\u00a0plik\u00f3w\u00a0cookies oznacza zgod\u0119 na\u00a0przechowywanie przez\u00a0Us\u0142ugodawc\u0119 informacji o\u00a0kt\u00f3rych\u00a0mowa\u00a0w\u00a0ust\u0119pie 2, zgodnie z\u00a0art. 173 ust. 2\u00a0ustawy z\u00a0dnia z\u00a0dnia 16 lipca 2004\u00a0r. Prawo telekomunikacyjne\u00a0(Dz.U. z\u00a02017\u00a0r. poz. 1907 z\u00a0p\u00f3\u017an. zm.)<\/li><\/ol><\/div><\/div><\/div><\/div>\t\t\t\t\t\t\t\t<\/div>\n\t\t\t\t\t<\/div>\n\t\t<\/div>\n\t\t\t\t\t<\/div>\n\t\t<\/section>\n\t\t\t\t<\/div>\n\t\t","protected":false},"excerpt":{"rendered":"<p>Polityka prywatno\u015bci \u00a0 Administrator Danych Osobowych Administratorem Pa\u0144stwa danych osobowych, czyli podmiotem decyduj\u0105cym o celach i sposobach przetwarzania, jest Kancelaria Adwokacka Adwokat Bernard Lech, Ulica Z\u0142ota 75a\/7, 00-819 Warszawa , NIP: 5832904708 (dalej \u201eKancelaria\u201d). W sprawach zwi\u0105zanych z przetwarzaniem danych osobowych mog\u0105 Pa\u0144stwo skontaktowa\u0107 si\u0119\u0328 z nami r\u00f3wnie\u017c\u0307 mailowo pod adresem:\u00a0kontakt@pomocodszkodowania.eu Sk\u0105d mamy Pa\u0144stwa dane\u00a0osobowe? [&hellip;]<\/p>\n","protected":false},"author":1,"featured_media":0,"parent":0,"menu_order":0,"comment_status":"closed","ping_status":"closed","template":"","meta":{"footnotes":""},"class_list":["post-338","page","type-page","status-publish","hentry"],"_links":{"self":[{"href":"https:\/\/pomocodszkodowania.eu\/index.php?rest_route=\/wp\/v2\/pages\/338","targetHints":{"allow":["GET"]}}],"collection":[{"href":"https:\/\/pomocodszkodowania.eu\/index.php?rest_route=\/wp\/v2\/pages"}],"about":[{"href":"https:\/\/pomocodszkodowania.eu\/index.php?rest_route=\/wp\/v2\/types\/page"}],"author":[{"embeddable":true,"href":"https:\/\/pomocodszkodowania.eu\/index.php?rest_route=\/wp\/v2\/users\/1"}],"replies":[{"embeddable":true,"href":"https:\/\/pomocodszkodowania.eu\/index.php?rest_route=%2Fwp%2Fv2%2Fcomments&post=338"}],"version-history":[{"count":6,"href":"https:\/\/pomocodszkodowania.eu\/index.php?rest_route=\/wp\/v2\/pages\/338\/revisions"}],"predecessor-version":[{"id":345,"href":"https:\/\/pomocodszkodowania.eu\/index.php?rest_route=\/wp\/v2\/pages\/338\/revisions\/345"}],"wp:attachment":[{"href":"https:\/\/pomocodszkodowania.eu\/index.php?rest_route=%2Fwp%2Fv2%2Fmedia&parent=338"}],"curies":[{"name":"wp","href":"https:\/\/api.w.org\/{rel}","templated":true}]}}